{"id":8427,"date":"2019-05-18T02:29:54","date_gmt":"2019-05-18T02:29:54","guid":{"rendered":"http:\/\/ninzio.com\/bauer\/?page_id=8427"},"modified":"2021-11-03T10:18:18","modified_gmt":"2021-11-03T09:18:18","slug":"blog-levage-manutention","status":"publish","type":"page","link":"https:\/\/www.levagemanutention.com\/blog\/","title":{"rendered":"Blog LevageManutention.com"},"content":{"rendered":"<p>[vc_row arrow=\u00a0\u00bbyes\u00a0\u00bb scroll_id=\u00a0\u00bbfirst-row\u00a0\u00bb el_class=\u00a0\u00bbhas-scroll-arrow\u00a0\u00bb][vc_column][rev_slider_vc alias=\u00a0\u00bbslider-8&Prime;][\/vc_column][\/vc_row][vc_row el_id=\u00a0\u00bbfirst-row\u00a0\u00bb css=\u00a0\u00bb.vc_custom_1558770248780{background-image: url(http:\/\/ninzio.com\/bauer\/wp-content\/uploads\/2019\/05\/archi-bg-2.png?id=8885) !important;}\u00a0\u00bb][vc_column]\r\n\t<div class=\"bauer-spacer clearfix\" data-desktop=\"94\" data-mobi=\"60\" data-smobi=\"60\"><\/div><div class=\"bauer-single-heading clearfix text-center\" style=\"margin-bottom:24px;\"><span class=\"inner\"><span class=\"heading clearfix \" style=\"font-weight:600;color:#cacaca;font-size:16px;\">\r\n\t\tLEVAGEMANUTENTION.COM\r\n\t<\/span><\/span><\/div><h1 class=\"bauer-text clearfix text-center\" style=\"font-size:42px;line-height:50px;margin-bottom:30px;max-width:470px;margin-left: auto; margin-right: auto;\"><p><span class=\"font-weight-300\">Vente de mat\u00e9riel de levage <span class=\"font-weight-300\">et<\/span> accessoires de manutention<\/span><\/p>\n<\/h1>\r\n\t<div class=\"bauer-spacer clearfix\" data-desktop=\"70\" data-mobi=\"30\" data-smobi=\"30\"><\/div>[vc_row_inner][vc_column_inner width=\u00a0\u00bb1\/3&Prime;]<div class=\"bauer-image-box clearfix style-2 text-center\" style=\"\" >\r\n        <div class=\"item\">\r\n            <div class=\"inner\">\r\n                <div class=\"thumb\" style=\"\"><img loading=\"lazy\" decoding=\"async\" width=\"450\" height=\"547\" src=\"https:\/\/www.levagemanutention.com\/blog\/wp-content\/uploads\/2021\/06\/Reparation-redimensionnee.jpg\" class=\"attachment-full size-full\" alt=\"Contr\u00f4le et r\u00e9paration de cha\u00eene\" srcset=\"https:\/\/www.levagemanutention.com\/blog\/wp-content\/uploads\/2021\/06\/Reparation-redimensionnee.jpg 450w, https:\/\/www.levagemanutention.com\/blog\/wp-content\/uploads\/2021\/06\/Reparation-redimensionnee-247x300.jpg 247w\" sizes=\"auto, (max-width: 450px) 100vw, 450px\" \/> <\/div>\r\n                <div class=\"text-wrap \" style=\"\">\r\n                    <h3 class=\"title\" style=\"margin-bottom:17px;\">\r\n            Contr\u00f4les\r\n        <\/h3> <div class=\"desc\" style=\"margin-bottom:27px;\">D\u00e9couvrez tous nos articles sur le contr\u00f4le de vos appareils de levage.<\/div> <div class=\"url-wrap\">\r\n            <a href=\"https:\/\/www.levagemanutention.com\/blog\/controles\/\" target=\"_self\" class=\"bauer-links link-style-2\" style=\"color:#e4342d;\">\r\n                <span class=\"text\">D\u00e9couvrir la th\u00e9matique<\/span>\r\n            <\/a>\r\n        <\/div>\r\n                <\/div>\r\n                \r\n            <\/div>\r\n        <\/div>\r\n    <\/div>\r\n\t<div class=\"bauer-spacer clearfix\" data-desktop=\"0\" data-mobi=\"30\" data-smobi=\"30\"><\/div>[\/vc_column_inner][vc_column_inner width=\u00a0\u00bb1\/3&Prime;]<div class=\"bauer-image-box clearfix style-2 text-center\" style=\"\" >\r\n        <div class=\"item\">\r\n            <div class=\"inner\">\r\n                <div class=\"thumb\" style=\"\"><img loading=\"lazy\" decoding=\"async\" width=\"450\" height=\"547\" src=\"https:\/\/www.levagemanutention.com\/blog\/wp-content\/uploads\/2021\/06\/controles.jpg\" class=\"attachment-full size-full\" alt=\"Conseils\" srcset=\"https:\/\/www.levagemanutention.com\/blog\/wp-content\/uploads\/2021\/06\/controles.jpg 450w, https:\/\/www.levagemanutention.com\/blog\/wp-content\/uploads\/2021\/06\/controles-247x300.jpg 247w\" sizes=\"auto, (max-width: 450px) 100vw, 450px\" \/> <\/div>\r\n                <div class=\"text-wrap \" style=\"\">\r\n                    <h3 class=\"title\" style=\"margin-bottom:17px;\">\r\n            Conseils\r\n        <\/h3> <div class=\"desc\" style=\"margin-bottom:27px;\">D\u00e9couvrez tous nos conseils sur le levage et la manutention.<\/div> <div class=\"url-wrap\">\r\n            <a href=\"https:\/\/www.levagemanutention.com\/blog\/conseils\/\" target=\"_self\" class=\"bauer-links link-style-2\" style=\"color:#e4342d;\">\r\n                <span class=\"text\">D\u00e9couvrir la th\u00e9matique<\/span>\r\n            <\/a>\r\n        <\/div>\r\n                <\/div>\r\n                \r\n            <\/div>\r\n        <\/div>\r\n    <\/div>\r\n\t<div class=\"bauer-spacer clearfix\" data-desktop=\"0\" data-mobi=\"30\" data-smobi=\"30\"><\/div>[\/vc_column_inner][vc_column_inner width=\u00a0\u00bb1\/3&Prime;]<div class=\"bauer-image-box clearfix style-2 text-center\" style=\"\" >\r\n        <div class=\"item\">\r\n            <div class=\"inner\">\r\n                <div class=\"thumb\" style=\"\"><img loading=\"lazy\" decoding=\"async\" width=\"2106\" height=\"2560\" src=\"https:\/\/www.levagemanutention.com\/blog\/wp-content\/uploads\/2021\/06\/operations-scaled.jpg\" class=\"attachment-full size-full\" alt=\"op\u00e9ration levage\" srcset=\"https:\/\/www.levagemanutention.com\/blog\/wp-content\/uploads\/2021\/06\/operations-scaled.jpg 2106w, https:\/\/www.levagemanutention.com\/blog\/wp-content\/uploads\/2021\/06\/operations-247x300.jpg 247w, https:\/\/www.levagemanutention.com\/blog\/wp-content\/uploads\/2021\/06\/operations-842x1024.jpg 842w, https:\/\/www.levagemanutention.com\/blog\/wp-content\/uploads\/2021\/06\/operations-768x934.jpg 768w, https:\/\/www.levagemanutention.com\/blog\/wp-content\/uploads\/2021\/06\/operations-1264x1536.jpg 1264w, https:\/\/www.levagemanutention.com\/blog\/wp-content\/uploads\/2021\/06\/operations-1685x2048.jpg 1685w, https:\/\/www.levagemanutention.com\/blog\/wp-content\/uploads\/2021\/06\/operations-870x1058.jpg 870w, https:\/\/www.levagemanutention.com\/blog\/wp-content\/uploads\/2021\/06\/operations-640x778.jpg 640w, https:\/\/www.levagemanutention.com\/blog\/wp-content\/uploads\/2021\/06\/operations-480x584.jpg 480w\" sizes=\"auto, (max-width: 2106px) 100vw, 2106px\" \/> <\/div>\r\n                <div class=\"text-wrap \" style=\"\">\r\n                    <h3 class=\"title\" style=\"margin-bottom:17px;\">\r\n            Op\u00e9rations\r\n        <\/h3> <div class=\"desc\" style=\"margin-bottom:27px;\">D\u00e9couvrez tous nos articles concernant les op\u00e9rations de levage.<\/div> <div class=\"url-wrap\">\r\n            <a href=\"https:\/\/www.levagemanutention.com\/blog\/operations\/\" target=\"_self\" class=\"bauer-links link-style-2 accent\" style=\"\">\r\n                <span class=\"text\">D\u00e9couvrir la th\u00e9matique<\/span>\r\n            <\/a>\r\n        <\/div>\r\n                <\/div>\r\n                \r\n            <\/div>\r\n        <\/div>\r\n    <\/div>\r\n\t<div class=\"bauer-spacer clearfix\" data-desktop=\"0\" data-mobi=\"30\" data-smobi=\"30\"><\/div>[\/vc_column_inner][\/vc_row_inner]\r\n\t<div class=\"bauer-spacer clearfix\" data-desktop=\"100\" data-mobi=\"60\" data-smobi=\"60\"><\/div>[\/vc_column][\/vc_row][vc_row css=\u00a0\u00bb.vc_custom_1558786805956{background: #f7f9fa url(http:\/\/ninzio.com\/bauer\/wp-content\/uploads\/2019\/05\/fac-bg-3.png?id=8924) !important;background-position: center !important;background-repeat: no-repeat !important;background-size: cover !important;}\u00a0\u00bb][vc_column]\r\n\t<div class=\"bauer-spacer clearfix\" data-desktop=\"94\" data-mobi=\"60\" data-smobi=\"60\"><\/div>[vc_row_inner][vc_column_inner]<div class=\"bauer-single-heading clearfix \" style=\"margin-bottom:25px;\"><span class=\"inner\"><span class=\"heading clearfix \" style=\"font-weight:600;color:#777777;font-size:16px;\">\r\n\t\tNos derniers articles\r\n\t<\/span><\/span><\/div><h2 class=\"bauer-text clearfix \" style=\"font-size:42px;line-height:50px;color:#030f27;\"><p>D\u00e9couvrez tous nos derniers articles et conseils sur le levage et la manutention.<\/p>\n<\/h2>[\/vc_column_inner][\/vc_row_inner]\r\n\t<div class=\"bauer-spacer clearfix\" data-desktop=\"75\" data-mobi=\"40\" data-smobi=\"40\"><\/div>\r\n<div class=\"bauer-news  arrow-center offsetcenter offset-v0 bullet-circle has-bullets arrow50\" data-auto=\"false\" data-column=\"3\" data-column2=\"2\" data-column3=\"1\" data-gap=\"30\">\r\n\t\r\n\t<div class=\"owl-carousel owl-theme\">\r\n    \r\n\t\t<div class=\"news-item clearfix\">\r\n\t\t\t<div class=\"inner\" style=\"background-color:#ffffff;\">\r\n\t\t\t\t<div class=\"thumb-wrap\">\r\n\t\t\t\t\t<img loading=\"lazy\" decoding=\"async\" width=\"558\" height=\"410\" src=\"https:\/\/www.levagemanutention.com\/blog\/wp-content\/uploads\/2022\/10\/Couverture-image-blog-5-558x410.png\" class=\"attachment-bauer-post-related size-bauer-post-related wp-post-image\" alt=\"cable de grue : comment choisir ?\" \/>\t\t\t\t<\/div><!-- \/.thumb-wrap -->\r\n\r\n                <div class=\"text-wrap\" style=\"\">\r\n\t\t\t\t\t<div class=\"meta\">\r\n                        <span class=\"date\">12 octobre 2022<\/span>\r\n                    <\/div>\r\n\r\n\t\t\t\t\t<h3 class=\"title\" style=\"\"><span><a href=\"https:\/\/www.levagemanutention.com\/blog\/cables-grue\/\">Cables de grue : comment choisir ?<\/a><\/span><\/h3>                <\/div><!-- \/.text-wrap -->\r\n\t        <\/div>\r\n\t    <\/div><!-- \/.news-item -->\r\n\t    \r\n\t\r\n\t\t<div class=\"news-item clearfix\">\r\n\t\t\t<div class=\"inner\" style=\"background-color:#ffffff;\">\r\n\t\t\t\t<div class=\"thumb-wrap\">\r\n\t\t\t\t\t<img loading=\"lazy\" decoding=\"async\" width=\"558\" height=\"410\" src=\"https:\/\/www.levagemanutention.com\/blog\/wp-content\/uploads\/2022\/03\/Quest-ce-que-larrimage-558x410.png\" class=\"attachment-bauer-post-related size-bauer-post-related wp-post-image\" alt=\"arrimage d\u00e9finition blog\" \/>\t\t\t\t<\/div><!-- \/.thumb-wrap -->\r\n\r\n                <div class=\"text-wrap\" style=\"\">\r\n\t\t\t\t\t<div class=\"meta\">\r\n                        <span class=\"date\">1 avril 2022<\/span>\r\n                    <\/div>\r\n\r\n\t\t\t\t\t<h3 class=\"title\" style=\"\"><span><a href=\"https:\/\/www.levagemanutention.com\/blog\/arrimage-definition\/\">Qu&rsquo;est-ce que l&rsquo;arrimage ?<\/a><\/span><\/h3>                <\/div><!-- \/.text-wrap -->\r\n\t        <\/div>\r\n\t    <\/div><!-- \/.news-item -->\r\n\t    \r\n\t\r\n\t\t<div class=\"news-item clearfix\">\r\n\t\t\t<div class=\"inner\" style=\"background-color:#ffffff;\">\r\n\t\t\t\t<div class=\"thumb-wrap\">\r\n\t\t\t\t\t<img loading=\"lazy\" decoding=\"async\" width=\"558\" height=\"410\" src=\"https:\/\/www.levagemanutention.com\/blog\/wp-content\/uploads\/2022\/02\/Couverture-image-blog-4-558x410.png\" class=\"attachment-bauer-post-related size-bauer-post-related wp-post-image\" alt=\"Tout savoir sur les VGP\" \/>\t\t\t\t<\/div><!-- \/.thumb-wrap -->\r\n\r\n                <div class=\"text-wrap\" style=\"\">\r\n\t\t\t\t\t<div class=\"meta\">\r\n                        <span class=\"date\">25 f\u00e9vrier 2022<\/span>\r\n                    <\/div>\r\n\r\n\t\t\t\t\t<h3 class=\"title\" style=\"\"><span><a href=\"https:\/\/www.levagemanutention.com\/blog\/vgp-verifications-generales-periodiques\/\">VGP : Tout savoir sur les v\u00e9rifications g\u00e9n\u00e9rales p\u00e9riodiques<\/a><\/span><\/h3>                <\/div><!-- \/.text-wrap -->\r\n\t        <\/div>\r\n\t    <\/div><!-- \/.news-item -->\r\n\t    \r\n\t\t<\/div><!-- \/.owl-carousel -->\r\n\r\n\r\n<\/div><!-- \/.bauer-news -->\r\n\r\n\t<div class=\"bauer-spacer clearfix\" data-desktop=\"100\" data-mobi=\"50\" data-smobi=\"50\"><\/div>[\/vc_column][\/vc_row][vc_row css=\u00a0\u00bb.vc_custom_1622793367122{background-color: #4f4041 !important;background-position: center !important;background-repeat: no-repeat !important;background-size: cover !important;}\u00a0\u00bb][vc_column]\r\n\t<div class=\"bauer-spacer clearfix\" data-desktop=\"100\" data-mobi=\"60\" data-smobi=\"60\"><\/div>[vc_row_inner column_inner_spacing=\u00a0\u00bb100&Prime;][vc_column_inner width=\u00a0\u00bb1\/2&Prime;]<div class=\"bauer-content-box clearfix \" data-padding=\"47px 50px 94px 50px\" data-mobipadding=\"40px\" data-margin=\"\" data-mobimargin=\"\" >\r\n\t\t<div class=\"inner ctb-1146883459\" style=\"\"  data-background=\"rgba(3,15,39,0.6)\" data-rounded=\"5px\" data-border-color=\"rgba(231,231,231,0.3)\" data-border-width=\"1px\">\r\n\t\t\t<h2 class=\"bauer-text clearfix \" style=\"font-size:42px;color:#f2f2f2;margin-bottom:8px;\"><p>Restons en contact !<\/p>\n<\/h2><div class=\"bauer-text clearfix \" style=\"color:#f2f2f2;margin-bottom:25px;\"><p>Si vous avez une question, n&rsquo;h\u00e9sitez pas \u00e0 nous appeler ou nous envoyer un message.<\/p>\n<\/div><div class=\"bauer-grid-box clearfix grid2 border-light v-30 h-25 no-borders\" data-grid=\"2\" >\r\n\t\t<div class=\"bauer-text clearfix \" style=\"color:#f2f2f2;\"><p>CRT LESQUIN<br \/>\n393 Rue de la Louvi\u00e8re<br \/>\n59273 Fretin<br \/>\nFRANCE<\/p>\n<\/div><div class=\"bauer-text clearfix \" style=\"color:#f2f2f2;\"><p><span class=\"font-weight-500 text-white\">Appelez-nous au :<\/span><br \/>\n<span class=\"fas fa-phone\" style=\"padding-right: 5px; color: #e4342d;\"><\/span> <span class=\"font-weight-600\" style=\"color: #e4342d;\">+33.3.28.25.93.88<\/span><\/p>\n<\/div><div class=\"bauer-text clearfix \" style=\"color:#f2f2f2;\"><p><span class=\"font-weight-500 text-white\">Envoyez-nous un email<\/span><br \/>\n<span class=\"fas fa-envelope text-accent-color\" style=\"padding-right: 5px;\"><\/span> <span class=\"font-weight-600 text-accent-color\">info@levagemanutention.com <\/span><\/p>\n<\/div>\n\r\n\t<\/div>\r\n\t\t<\/div>\r\n\t<\/div>\r\n\t<div class=\"bauer-spacer clearfix\" data-desktop=\"0\" data-mobi=\"40\" data-smobi=\"40\"><\/div>[\/vc_column_inner][vc_column_inner width=\u00a0\u00bb1\/2&Prime;]<div class=\"bauer-content-box clearfix \" data-padding=\"53px 35px 60px 35px\" data-mobipadding=\"50px 35px 50px 35px\" data-margin=\"\" data-mobimargin=\"\" >\r\n\t\t<div class=\"inner ctb-1890757590\" style=\"background:url() left top no-repeat;background-size:cover;\"  data-background=\"#f7f9fa\" data-rounded=\"5px\" data-border-width=\"1px\">\r\n\t\t\t<div class=\"bauer-headings clearfix text-center\" data-font=22 style=\"\"><h2 class=\"heading clearfix \" style=\"margin-bottom:15px;font-size:22px;\">\r\n\t\tBesoin d'un devis ?\r\n\t<\/h2><p class=\"sub-heading clearfix\" style=\"font-style:normal;max-width:400px;margin-left: auto; margin-right: auto;\">\r\n\t\tMerci de compl\u00e9ter le formulaire ci-dessous, nos conseillers vont revenir vers vous au plus vite.\r\n\t<\/p><\/div>\r\n\t<div class=\"bauer-spacer clearfix\" data-desktop=\"32\" data-mobi=\"32\" data-smobi=\"32\"><\/div>\n<div class=\"wpcf7 no-js\" id=\"wpcf7-f4437-o1\" lang=\"en-US\" dir=\"ltr\" data-wpcf7-id=\"4437\">\n<div class=\"screen-reader-response\"><p role=\"status\" aria-live=\"polite\" aria-atomic=\"true\"><\/p> <ul><\/ul><\/div>\n<form action=\"\/blog\/wp-json\/wp\/v2\/pages\/8427#wpcf7-f4437-o1\" method=\"post\" class=\"wpcf7-form init\" aria-label=\"Contact form\" novalidate=\"novalidate\" data-status=\"init\">\n<fieldset class=\"hidden-fields-container\"><input type=\"hidden\" name=\"_wpcf7\" value=\"4437\" \/><input type=\"hidden\" name=\"_wpcf7_version\" value=\"6.1.5\" \/><input type=\"hidden\" name=\"_wpcf7_locale\" value=\"en_US\" \/><input type=\"hidden\" name=\"_wpcf7_unit_tag\" value=\"wpcf7-f4437-o1\" \/><input type=\"hidden\" name=\"_wpcf7_container_post\" value=\"0\" \/><input type=\"hidden\" name=\"_wpcf7_posted_data_hash\" value=\"\" \/>\n<\/fieldset>\n<div class=\"cf7-style-1\">\n\t<div class=\"name-wrap\">\n\t\t<p><span class=\"wpcf7-form-control-wrap\" data-name=\"your-name\"><input size=\"40\" maxlength=\"400\" class=\"wpcf7-form-control wpcf7-text wpcf7-validates-as-required\" aria-required=\"true\" aria-invalid=\"false\" placeholder=\"Nom\" value=\"\" type=\"text\" name=\"your-name\" \/><\/span>\n\t\t<\/p>\n\t<\/div>\n\t<div class=\"email-wrap\">\n\t\t<p><span class=\"wpcf7-form-control-wrap\" data-name=\"your-email\"><input size=\"40\" maxlength=\"400\" class=\"wpcf7-form-control wpcf7-email wpcf7-validates-as-required wpcf7-text wpcf7-validates-as-email\" aria-required=\"true\" aria-invalid=\"false\" placeholder=\"Email\" value=\"\" type=\"email\" name=\"your-email\" \/><\/span>\n\t\t<\/p>\n\t<\/div>\n\t<div class=\"message-wrap\">\n\t\t<p><span class=\"wpcf7-form-control-wrap\" data-name=\"your-message\"><textarea cols=\"40\" rows=\"10\" maxlength=\"2000\" class=\"wpcf7-form-control wpcf7-textarea\" aria-invalid=\"false\" placeholder=\"Message\" name=\"your-message\"><\/textarea><\/span>\n\t\t<\/p>\n\t<\/div>\n\t<div class=\"submit-wrap\">\n\t\t<p><span><input class=\"wpcf7-form-control wpcf7-submit has-spinner\" type=\"submit\" value=\"Envoyer votre demande\" \/><\/span>\n\t\t<\/p>\n\t<\/div>\n<\/div><div class=\"wpcf7-response-output\" aria-hidden=\"true\"><\/div>\n<\/form>\n<\/div>\n\r\n\t\t<\/div>\r\n\t<\/div>[\/vc_column_inner][\/vc_row_inner]\r\n\t<div class=\"bauer-spacer clearfix\" data-desktop=\"100\" data-mobi=\"60\" data-smobi=\"60\"><\/div>[\/vc_column][\/vc_row][vc_row][vc_column][vc_column_text]<\/p>\n<p>[\/vc_column_text][\/vc_column][\/vc_row]<\/p>\n","protected":false},"excerpt":{"rendered":"<p>[vc_row arrow=\u00a0\u00bbyes\u00a0\u00bb scroll_id=\u00a0\u00bbfirst-row\u00a0\u00bb el_class=\u00a0\u00bbhas-scroll-arrow\u00a0\u00bb][vc_column][rev_slider_vc alias=\u00a0\u00bbslider-8&Prime;][\/vc_column][\/vc_row][vc_row el_id=\u00a0\u00bbfirst-row\u00a0\u00bb css=\u00a0\u00bb.vc_custom_1558770248780{background-image: url(http:\/\/ninzio.com\/bauer\/wp-content\/uploads\/2019\/05\/archi-bg-2.png?id=8885) !important;}\u00a0\u00bb][vc_column][vc_row_inner][vc_column_inner width=\u00a0\u00bb1\/3&Prime;][\/vc_column_inner][vc_column_inner width=\u00a0\u00bb1\/3&Prime;][\/vc_column_inner][vc_column_inner width=\u00a0\u00bb1\/3&Prime;][\/vc_column_inner][\/vc_row_inner][\/vc_column][\/vc_row][vc_row css=\u00a0\u00bb.vc_custom_1558786805956{background: #f7f9fa url(http:\/\/ninzio.com\/bauer\/wp-content\/uploads\/2019\/05\/fac-bg-3.png?id=8924) !important;background-position: center !important;background-repeat: no-repeat !important;background-size: cover !important;}\u00a0\u00bb][vc_column][vc_row_inner][vc_column_inner][\/vc_column_inner][\/vc_row_inner][\/vc_column][\/vc_row][vc_row css=\u00a0\u00bb.vc_custom_1622793367122{background-color: #4f4041 !important;background-position: center !important;background-repeat: no-repeat !important;background-size: cover !important;}\u00a0\u00bb][vc_column][vc_row_inner column_inner_spacing=\u00a0\u00bb100&Prime;][vc_column_inner width=\u00a0\u00bb1\/2&Prime;][\/vc_column_inner][vc_column_inner width=\u00a0\u00bb1\/2&Prime;][\/vc_column_inner][\/vc_row_inner][\/vc_column][\/vc_row][vc_row][vc_column][vc_column_text] [\/vc_column_text][\/vc_column][\/vc_row]<\/p>\n","protected":false},"author":2,"featured_media":0,"parent":0,"menu_order":0,"comment_status":"closed","ping_status":"closed","template":"","meta":{"footnotes":""},"class_list":["post-8427","page","type-page","status-publish","hentry"],"_links":{"self":[{"href":"https:\/\/www.levagemanutention.com\/blog\/wp-json\/wp\/v2\/pages\/8427","targetHints":{"allow":["GET"]}}],"collection":[{"href":"https:\/\/www.levagemanutention.com\/blog\/wp-json\/wp\/v2\/pages"}],"about":[{"href":"https:\/\/www.levagemanutention.com\/blog\/wp-json\/wp\/v2\/types\/page"}],"author":[{"embeddable":true,"href":"https:\/\/www.levagemanutention.com\/blog\/wp-json\/wp\/v2\/users\/2"}],"replies":[{"embeddable":true,"href":"https:\/\/www.levagemanutention.com\/blog\/wp-json\/wp\/v2\/comments?post=8427"}],"version-history":[{"count":4,"href":"https:\/\/www.levagemanutention.com\/blog\/wp-json\/wp\/v2\/pages\/8427\/revisions"}],"predecessor-version":[{"id":9780,"href":"https:\/\/www.levagemanutention.com\/blog\/wp-json\/wp\/v2\/pages\/8427\/revisions\/9780"}],"wp:attachment":[{"href":"https:\/\/www.levagemanutention.com\/blog\/wp-json\/wp\/v2\/media?parent=8427"}],"curies":[{"name":"wp","href":"https:\/\/api.w.org\/{rel}","templated":true}]}}